{"id":44,"date":"2017-11-23T09:31:39","date_gmt":"2017-11-23T08:31:39","guid":{"rendered":"http:\/\/balsam.com.pl\/?page_id=44"},"modified":"2021-05-25T09:18:49","modified_gmt":"2021-05-25T07:18:49","slug":"wynajem","status":"publish","type":"page","link":"http:\/\/balsam.com.pl\/index.php\/wynajem\/","title":{"rendered":"Wynajem"},"content":{"rendered":"<h2 style=\"text-align: center;\"><span style=\"color: #000000;\">Wynajem<\/span><\/h2>\n<hr \/>\n<h4 style=\"text-align: left;\"><span style=\"color: #000000;\">Elektroenergetyka &#8222;BALSAM&#8221; \u015bwiadczy us\u0142ugi w zakresie wypo\u017cyczania agregat\u00f3w pr\u0105dotw\u00f3rczych oraz podno\u015bnik\u00f3w koszowych.<\/span><\/h4>\n","protected":false},"excerpt":{"rendered":"<p>Wynajem Elektroenergetyka &#8222;BALSAM&#8221; \u015bwiadczy us\u0142ugi w zakresie wypo\u017cyczania agregat\u00f3w pr\u0105dotw\u00f3rczych oraz podno\u015bnik\u00f3w koszowych.<\/p>\n","protected":false},"author":1,"featured_media":0,"parent":0,"menu_order":0,"comment_status":"closed","ping_status":"closed","template":"","meta":[],"_links":{"self":[{"href":"http:\/\/balsam.com.pl\/index.php\/wp-json\/wp\/v2\/pages\/44"}],"collection":[{"href":"http:\/\/balsam.com.pl\/index.php\/wp-json\/wp\/v2\/pages"}],"about":[{"href":"http:\/\/balsam.com.pl\/index.php\/wp-json\/wp\/v2\/types\/page"}],"author":[{"embeddable":true,"href":"http:\/\/balsam.com.pl\/index.php\/wp-json\/wp\/v2\/users\/1"}],"replies":[{"embeddable":true,"href":"http:\/\/balsam.com.pl\/index.php\/wp-json\/wp\/v2\/comments?post=44"}],"version-history":[{"count":15,"href":"http:\/\/balsam.com.pl\/index.php\/wp-json\/wp\/v2\/pages\/44\/revisions"}],"predecessor-version":[{"id":142,"href":"http:\/\/balsam.com.pl\/index.php\/wp-json\/wp\/v2\/pages\/44\/revisions\/142"}],"wp:attachment":[{"href":"http:\/\/balsam.com.pl\/index.php\/wp-json\/wp\/v2\/media?parent=44"}],"curies":[{"name":"wp","href":"https:\/\/api.w.org\/{rel}","templated":true}]}}